{"id":2175,"date":"2025-05-06T17:43:35","date_gmt":"2025-05-06T17:43:35","guid":{"rendered":"https:\/\/aitc.fr\/?page_id=2175"},"modified":"2025-05-06T17:45:35","modified_gmt":"2025-05-06T17:45:35","slug":"commission-informatique","status":"publish","type":"page","link":"https:\/\/aitc.fr\/fr\/commission-informatique\/","title":{"rendered":"Computer Committee"},"content":{"rendered":"<div data-elementor-type=\"wp-page\" data-elementor-id=\"2175\" class=\"elementor elementor-2175\">\n\t\t\t\t<div class=\"elementor-element elementor-element-1a2d460 e-con-full e-flex e-con e-parent\" data-id=\"1a2d460\" data-element_type=\"container\" data-e-type=\"container\" data-settings=\"{&quot;background_background&quot;:&quot;classic&quot;}\">\n\t\t<div class=\"elementor-element elementor-element-d6a04df e-con-full e-flex e-con e-child\" data-id=\"d6a04df\" data-element_type=\"container\" data-e-type=\"container\">\n\t\t\t\t<div class=\"elementor-element elementor-element-75a13b7 elementor-hidden-desktop elementor-hidden-tablet elementor-hidden-mobile elementor-widget elementor-widget-heading\" data-id=\"75a13b7\" data-element_type=\"widget\" data-e-type=\"widget\" data-widget_type=\"heading.default\">\n\t\t\t\t<div class=\"elementor-widget-container\">\n\t\t\t\t\t<h2 class=\"elementor-heading-title elementor-size-default\">\u00c0 propos de nous<\/h2>\t\t\t\t<\/div>\n\t\t\t\t<\/div>\n\t\t\t\t<\/div>\n\t\t\t\t<\/div>\n\t\t<div class=\"elementor-element elementor-element-2634c13 e-flex e-con-boxed e-con e-parent\" data-id=\"2634c13\" data-element_type=\"container\" data-e-type=\"container\">\n\t\t\t\t\t<div class=\"e-con-inner\">\n\t\t<div class=\"elementor-element elementor-element-a405669 e-con-full e-flex e-con e-child\" data-id=\"a405669\" data-element_type=\"container\" data-e-type=\"container\">\n\t\t\t\t<div class=\"elementor-element elementor-element-fc801af elementor-widget elementor-widget-heading\" data-id=\"fc801af\" data-element_type=\"widget\" data-e-type=\"widget\" data-widget_type=\"heading.default\">\n\t\t\t\t<div class=\"elementor-widget-container\">\n\t\t\t\t\t<h2 class=\"elementor-heading-title elementor-size-default\">Composition des comit\u00e9s<\/h2>\t\t\t\t<\/div>\n\t\t\t\t<\/div>\n\t\t\t\t<div class=\"elementor-element elementor-element-68bf466 elementor-widget elementor-widget-heading\" data-id=\"68bf466\" data-element_type=\"widget\" data-e-type=\"widget\" data-widget_type=\"heading.default\">\n\t\t\t\t<div class=\"elementor-widget-container\">\n\t\t\t\t\t<h2 class=\"elementor-heading-title elementor-size-default\">Groupe de travail sur les outils informatiques<\/h2>\t\t\t\t<\/div>\n\t\t\t\t<\/div>\n\t\t\t\t<div class=\"elementor-element elementor-element-a7c0326 elementor-widget elementor-widget-text-editor\" data-id=\"a7c0326\" data-element_type=\"widget\" data-e-type=\"widget\" data-widget_type=\"text-editor.default\">\n\t\t\t\t<div class=\"elementor-widget-container\">\n\t\t\t\t\t\t\t\t\t<p>Cr\u00e9\u00e9 lors de la 38\u00e8me session ordinaire de l'Assembl\u00e9e G\u00e9n\u00e9rale et rattach\u00e9 au Comit\u00e9 Ex\u00e9cutif, le Groupe de Travail sur les Outils Informatiques (INFORMAITC) est charg\u00e9 de conseiller le Comit\u00e9 Ex\u00e9cutif sur la gestion des diff\u00e9rents outils informatiques mis \u00e0 la disposition du Secr\u00e9tariat, des Organes et des membres de l'AITC, et d'aider les membres de l'AITC \u00e0 utiliser plus efficacement les outils informatiques au sein de leur organisation ou \u00e0 domicile. Le groupe a commenc\u00e9 ses travaux en septembre 2000.<\/p>\t\t\t\t\t\t\t\t<\/div>\n\t\t\t\t<\/div>\n\t\t\t\t<\/div>\n\t\t\t\t\t<\/div>\n\t\t\t\t<\/div>\n\t\t<div class=\"elementor-element elementor-element-aa0b2ca e-flex e-con-boxed e-con e-parent\" data-id=\"aa0b2ca\" data-element_type=\"container\" data-e-type=\"container\">\n\t\t\t\t\t<div class=\"e-con-inner\">\n\t\t<div class=\"elementor-element elementor-element-8c63aaf e-con-full e-flex e-con e-child\" data-id=\"8c63aaf\" data-element_type=\"container\" data-e-type=\"container\">\n\t\t\t\t<\/div>\n\t\t<div class=\"elementor-element elementor-element-0a1eae5 e-con-full e-flex e-con e-child\" data-id=\"0a1eae5\" data-element_type=\"container\" data-e-type=\"container\">\n\t\t\t\t<div class=\"elementor-element elementor-element-0bf6b31 elementor-widget elementor-widget-heading\" data-id=\"0bf6b31\" data-element_type=\"widget\" data-e-type=\"widget\" data-widget_type=\"heading.default\">\n\t\t\t\t<div class=\"elementor-widget-container\">\n\t\t\t\t\t<h2 class=\"elementor-heading-title elementor-size-default\">Pr\u00e9sident<\/h2>\t\t\t\t<\/div>\n\t\t\t\t<\/div>\n\t\t\t\t<\/div>\n\t\t<div class=\"elementor-element elementor-element-8634690 e-con-full e-flex e-con e-child\" data-id=\"8634690\" data-element_type=\"container\" data-e-type=\"container\">\n\t\t\t\t<\/div>\n\t\t<div class=\"elementor-element elementor-element-e651e4d e-con-full e-flex e-con e-child\" data-id=\"e651e4d\" data-element_type=\"container\" data-e-type=\"container\">\n\t\t\t\t<\/div>\n\t\t<div class=\"elementor-element elementor-element-e291f90 e-con-full e-flex e-con e-child\" data-id=\"e291f90\" data-element_type=\"container\" data-e-type=\"container\">\n\t\t\t\t<div class=\"elementor-element elementor-element-77af7ee elementor-widget elementor-widget-bdt-member\" data-id=\"77af7ee\" data-element_type=\"widget\" data-e-type=\"widget\" data-widget_type=\"bdt-member.default\">\n\t\t\t\t<div class=\"elementor-widget-container\">\n\t\t\t\t\t\t\t<div class=\"bdt-member skin-default bdt-transition-toggle\">\n\t\t\t\n\t\t\t<div class=\"bdt-member-content\">\n\t\t\t\t\t\t\t\t\t<span class=\"bdt-member-name\">M. Steele Olivier<\/span>\n\t\t\t\t\t\t\t\t\t\t\t\t\t\t\t<\/div>\n\t\t\t\t\t<div class=\"bdt-member-icons\">\n\t\t\t\t\t\t\t<a class=\"bdt-member-icon elementor-repeater-item-04538cd\" href=\"https:\/\/aitc.fr\/fr\/liste\/mme-diaz-de-atauri-ines\/\" target=\"_blank\" data-bdt-tooltip=\"title: Contact;\">\n\t\t\t\t\t<svg aria-hidden=\"true\" class=\"fa-fw e-font-icon-svg e-far-envelope\" viewbox=\"0 0 512 512\" xmlns=\"http:\/\/www.w3.org\/2000\/svg\"><path d=\"M464 64H48C21.49 64 0 85.49 0 112v288c0 26.51 21.49 48 48 48h416c26.51 0 48-21.49 48-48V112c0-26.51-21.49-48-48-48zm0 48v40.805c-22.422 18.259-58.168 46.651-134.587 106.49-16.841 13.247-50.201 45.072-73.413 44.701-23.208.375-56.579-31.459-73.413-44.701C106.18 199.465 70.425 171.067 48 152.805V112h416zM48 400V214.398c22.914 18.251 55.409 43.862 104.938 82.646 21.857 17.205 60.134 55.186 103.062 54.955 42.717.231 80.509-37.199 103.053-54.947 49.528-38.783 82.032-64.401 104.947-82.653V400H48z\"><\/path><\/svg>\t\t\t\t<\/a>\n\t\t\t\t\t\t<\/div>\n\t\t\t\t<\/div>\n\t\t\t\t\t\t<\/div>\n\t\t\t\t<\/div>\n\t\t\t\t<\/div>\n\t\t<div class=\"elementor-element elementor-element-21a99f6 e-con-full e-flex e-con e-child\" data-id=\"21a99f6\" data-element_type=\"container\" data-e-type=\"container\">\n\t\t\t\t<\/div>\n\t\t\t\t\t<\/div>\n\t\t\t\t<\/div>\n\t\t<div class=\"elementor-element elementor-element-e218e05 e-con-full e-flex e-con e-parent\" data-id=\"e218e05\" data-element_type=\"container\" data-e-type=\"container\">\n\t\t\t\t<div class=\"elementor-element elementor-element-70e9918 elementor-widget elementor-widget-text-editor\" data-id=\"70e9918\" data-element_type=\"widget\" data-e-type=\"widget\" data-widget_type=\"text-editor.default\">\n\t\t\t\t<div class=\"elementor-widget-container\">\n\t\t\t\t\t\t\t\t\t<p><strong>Membres<\/strong><\/p>\t\t\t\t\t\t\t\t<\/div>\n\t\t\t\t<\/div>\n\t\t\t\t<\/div>\n\t\t<div class=\"elementor-element elementor-element-d455a87 e-flex e-con-boxed e-con e-parent\" data-id=\"d455a87\" data-element_type=\"container\" data-e-type=\"container\">\n\t\t\t\t\t<div class=\"e-con-inner\">\n\t\t<div class=\"elementor-element elementor-element-c37f05b e-grid e-con-full e-con e-child\" data-id=\"c37f05b\" data-element_type=\"container\" data-e-type=\"container\">\n\t\t\t\t<div class=\"elementor-element elementor-element-68c9fef elementor-widget elementor-widget-bdt-member\" data-id=\"68c9fef\" data-element_type=\"widget\" data-e-type=\"widget\" data-widget_type=\"bdt-member.default\">\n\t\t\t\t<div class=\"elementor-widget-container\">\n\t\t\t\t\t\t\t<div class=\"bdt-member skin-default bdt-transition-toggle\">\n\t\t\t\n\t\t\t<div class=\"bdt-member-content\">\n\t\t\t\t\t\t\t\t\t<span class=\"bdt-member-name\">M. Collard Daryl<\/span>\n\t\t\t\t\t\t\t\t\t\t\t\t\t\t\t<\/div>\n\t\t\t\t\t<div class=\"bdt-member-icons\">\n\t\t\t\t\t\t\t<a class=\"bdt-member-icon elementor-repeater-item-04538cd\" href=\"https:\/\/aitc.fr\/fr\/liste\/mme-diaz-de-atauri-ines\/\" target=\"_blank\" data-bdt-tooltip=\"title: Contact;\">\n\t\t\t\t\t<svg aria-hidden=\"true\" class=\"fa-fw e-font-icon-svg e-far-envelope\" viewbox=\"0 0 512 512\" xmlns=\"http:\/\/www.w3.org\/2000\/svg\"><path d=\"M464 64H48C21.49 64 0 85.49 0 112v288c0 26.51 21.49 48 48 48h416c26.51 0 48-21.49 48-48V112c0-26.51-21.49-48-48-48zm0 48v40.805c-22.422 18.259-58.168 46.651-134.587 106.49-16.841 13.247-50.201 45.072-73.413 44.701-23.208.375-56.579-31.459-73.413-44.701C106.18 199.465 70.425 171.067 48 152.805V112h416zM48 400V214.398c22.914 18.251 55.409 43.862 104.938 82.646 21.857 17.205 60.134 55.186 103.062 54.955 42.717.231 80.509-37.199 103.053-54.947 49.528-38.783 82.032-64.401 104.947-82.653V400H48z\"><\/path><\/svg>\t\t\t\t<\/a>\n\t\t\t\t\t\t<\/div>\n\t\t\t\t<\/div>\n\t\t\t\t\t\t<\/div>\n\t\t\t\t<\/div>\n\t\t\t\t<div class=\"elementor-element elementor-element-2628a11 elementor-widget elementor-widget-bdt-member\" data-id=\"2628a11\" data-element_type=\"widget\" data-e-type=\"widget\" data-widget_type=\"bdt-member.default\">\n\t\t\t\t<div class=\"elementor-widget-container\">\n\t\t\t\t\t\t\t<div class=\"bdt-member skin-default bdt-transition-toggle\">\n\t\t\t\n\t\t\t<div class=\"bdt-member-content\">\n\t\t\t\t\t\t\t\t\t<span class=\"bdt-member-name\">Mme Gourdon Coralie<\/span>\n\t\t\t\t\t\t\t\t\t\t\t\t\t\t\t<\/div>\n\t\t\t\t\t<div class=\"bdt-member-icons\">\n\t\t\t\t\t\t\t<a class=\"bdt-member-icon elementor-repeater-item-04538cd\" href=\"https:\/\/aitc.fr\/fr\/liste\/mme-diaz-de-atauri-ines\/\" target=\"_blank\" data-bdt-tooltip=\"title: Contact;\">\n\t\t\t\t\t<svg aria-hidden=\"true\" class=\"fa-fw e-font-icon-svg e-far-envelope\" viewbox=\"0 0 512 512\" xmlns=\"http:\/\/www.w3.org\/2000\/svg\"><path d=\"M464 64H48C21.49 64 0 85.49 0 112v288c0 26.51 21.49 48 48 48h416c26.51 0 48-21.49 48-48V112c0-26.51-21.49-48-48-48zm0 48v40.805c-22.422 18.259-58.168 46.651-134.587 106.49-16.841 13.247-50.201 45.072-73.413 44.701-23.208.375-56.579-31.459-73.413-44.701C106.18 199.465 70.425 171.067 48 152.805V112h416zM48 400V214.398c22.914 18.251 55.409 43.862 104.938 82.646 21.857 17.205 60.134 55.186 103.062 54.955 42.717.231 80.509-37.199 103.053-54.947 49.528-38.783 82.032-64.401 104.947-82.653V400H48z\"><\/path><\/svg>\t\t\t\t<\/a>\n\t\t\t\t\t\t<\/div>\n\t\t\t\t<\/div>\n\t\t\t\t\t\t<\/div>\n\t\t\t\t<\/div>\n\t\t\t\t<div class=\"elementor-element elementor-element-2d2fdcc elementor-widget elementor-widget-bdt-member\" data-id=\"2d2fdcc\" data-element_type=\"widget\" data-e-type=\"widget\" data-widget_type=\"bdt-member.default\">\n\t\t\t\t<div class=\"elementor-widget-container\">\n\t\t\t\t\t\t\t<div class=\"bdt-member skin-default bdt-transition-toggle\">\n\t\t\t\n\t\t\t<div class=\"bdt-member-content\">\n\t\t\t\t\t\t\t\t\t<span class=\"bdt-member-name\">M. Salath\u00e9 Edouard<\/span>\n\t\t\t\t\t\t\t\t\t\t\t\t\t\t\t<\/div>\n\t\t\t\t\t<div class=\"bdt-member-icons\">\n\t\t\t\t\t\t\t<a class=\"bdt-member-icon elementor-repeater-item-04538cd\" href=\"https:\/\/aitc.fr\/fr\/liste\/mme-diaz-de-atauri-ines\/\" target=\"_blank\" data-bdt-tooltip=\"title: Contact;\">\n\t\t\t\t\t<svg aria-hidden=\"true\" class=\"fa-fw e-font-icon-svg e-far-envelope\" viewbox=\"0 0 512 512\" xmlns=\"http:\/\/www.w3.org\/2000\/svg\"><path d=\"M464 64H48C21.49 64 0 85.49 0 112v288c0 26.51 21.49 48 48 48h416c26.51 0 48-21.49 48-48V112c0-26.51-21.49-48-48-48zm0 48v40.805c-22.422 18.259-58.168 46.651-134.587 106.49-16.841 13.247-50.201 45.072-73.413 44.701-23.208.375-56.579-31.459-73.413-44.701C106.18 199.465 70.425 171.067 48 152.805V112h416zM48 400V214.398c22.914 18.251 55.409 43.862 104.938 82.646 21.857 17.205 60.134 55.186 103.062 54.955 42.717.231 80.509-37.199 103.053-54.947 49.528-38.783 82.032-64.401 104.947-82.653V400H48z\"><\/path><\/svg>\t\t\t\t<\/a>\n\t\t\t\t\t\t<\/div>\n\t\t\t\t<\/div>\n\t\t\t\t\t\t<\/div>\n\t\t\t\t<\/div>\n\t\t\t\t<div class=\"elementor-element elementor-element-805dbd1 elementor-widget elementor-widget-bdt-member\" data-id=\"805dbd1\" data-element_type=\"widget\" data-e-type=\"widget\" data-widget_type=\"bdt-member.default\">\n\t\t\t\t<div class=\"elementor-widget-container\">\n\t\t\t\t\t\t\t<div class=\"bdt-member skin-default bdt-transition-toggle\">\n\t\t\t\n\t\t\t<div class=\"bdt-member-content\">\n\t\t\t\t\t\t\t\t\t<span class=\"bdt-member-name\">Mme Sasic Borislava<\/span>\n\t\t\t\t\t\t\t\t\t\t\t\t\t\t\t<\/div>\n\t\t\t\t\t<div class=\"bdt-member-icons\">\n\t\t\t\t\t\t\t<a class=\"bdt-member-icon elementor-repeater-item-04538cd\" href=\"https:\/\/aitc.fr\/fr\/liste\/mme-diaz-de-atauri-ines\/\" target=\"_blank\" data-bdt-tooltip=\"title: Contact;\">\n\t\t\t\t\t<svg aria-hidden=\"true\" class=\"fa-fw e-font-icon-svg e-far-envelope\" viewbox=\"0 0 512 512\" xmlns=\"http:\/\/www.w3.org\/2000\/svg\"><path d=\"M464 64H48C21.49 64 0 85.49 0 112v288c0 26.51 21.49 48 48 48h416c26.51 0 48-21.49 48-48V112c0-26.51-21.49-48-48-48zm0 48v40.805c-22.422 18.259-58.168 46.651-134.587 106.49-16.841 13.247-50.201 45.072-73.413 44.701-23.208.375-56.579-31.459-73.413-44.701C106.18 199.465 70.425 171.067 48 152.805V112h416zM48 400V214.398c22.914 18.251 55.409 43.862 104.938 82.646 21.857 17.205 60.134 55.186 103.062 54.955 42.717.231 80.509-37.199 103.053-54.947 49.528-38.783 82.032-64.401 104.947-82.653V400H48z\"><\/path><\/svg>\t\t\t\t<\/a>\n\t\t\t\t\t\t<\/div>\n\t\t\t\t<\/div>\n\t\t\t\t\t\t<\/div>\n\t\t\t\t<\/div>\n\t\t\t\t<div class=\"elementor-element elementor-element-50d333f elementor-widget elementor-widget-bdt-member\" data-id=\"50d333f\" data-element_type=\"widget\" data-e-type=\"widget\" data-widget_type=\"bdt-member.default\">\n\t\t\t\t<div class=\"elementor-widget-container\">\n\t\t\t\t\t\t\t<div class=\"bdt-member skin-default bdt-transition-toggle\">\n\t\t\t\n\t\t\t<div class=\"bdt-member-content\">\n\t\t\t\t\t\t\t\t\t<span class=\"bdt-member-name\">Mme N'daw Barbara<\/span>\n\t\t\t\t\t\t\t\t\t\t\t\t\t\t\t<\/div>\n\t\t\t\t\t<div class=\"bdt-member-icons\">\n\t\t\t\t\t\t\t<a class=\"bdt-member-icon elementor-repeater-item-04538cd\" href=\"https:\/\/aitc.fr\/fr\/liste\/mme-diaz-de-atauri-ines\/\" target=\"_blank\" data-bdt-tooltip=\"title: Contact;\">\n\t\t\t\t\t<svg aria-hidden=\"true\" class=\"fa-fw e-font-icon-svg e-far-envelope\" viewbox=\"0 0 512 512\" xmlns=\"http:\/\/www.w3.org\/2000\/svg\"><path d=\"M464 64H48C21.49 64 0 85.49 0 112v288c0 26.51 21.49 48 48 48h416c26.51 0 48-21.49 48-48V112c0-26.51-21.49-48-48-48zm0 48v40.805c-22.422 18.259-58.168 46.651-134.587 106.49-16.841 13.247-50.201 45.072-73.413 44.701-23.208.375-56.579-31.459-73.413-44.701C106.18 199.465 70.425 171.067 48 152.805V112h416zM48 400V214.398c22.914 18.251 55.409 43.862 104.938 82.646 21.857 17.205 60.134 55.186 103.062 54.955 42.717.231 80.509-37.199 103.053-54.947 49.528-38.783 82.032-64.401 104.947-82.653V400H48z\"><\/path><\/svg>\t\t\t\t<\/a>\n\t\t\t\t\t\t<\/div>\n\t\t\t\t<\/div>\n\t\t\t\t\t\t<\/div>\n\t\t\t\t<\/div>\n\t\t\t\t<div class=\"elementor-element elementor-element-9ea26e9 elementor-widget elementor-widget-bdt-member\" data-id=\"9ea26e9\" data-element_type=\"widget\" data-e-type=\"widget\" data-widget_type=\"bdt-member.default\">\n\t\t\t\t<div class=\"elementor-widget-container\">\n\t\t\t\t\t\t\t<div class=\"bdt-member skin-default bdt-transition-toggle\">\n\t\t\t\n\t\t\t<div class=\"bdt-member-content\">\n\t\t\t\t\t\t\t\t\t<span class=\"bdt-member-name\">M. Roy Jes\u00fas<\/span>\n\t\t\t\t\t\t\t\t\t\t\t\t\t\t\t<\/div>\n\t\t\t\t\t<div class=\"bdt-member-icons\">\n\t\t\t\t\t\t\t<a class=\"bdt-member-icon elementor-repeater-item-04538cd\" href=\"https:\/\/aitc.fr\/fr\/liste\/mme-diaz-de-atauri-ines\/\" target=\"_blank\" data-bdt-tooltip=\"title: Contact;\">\n\t\t\t\t\t<svg aria-hidden=\"true\" class=\"fa-fw e-font-icon-svg e-far-envelope\" viewbox=\"0 0 512 512\" xmlns=\"http:\/\/www.w3.org\/2000\/svg\"><path d=\"M464 64H48C21.49 64 0 85.49 0 112v288c0 26.51 21.49 48 48 48h416c26.51 0 48-21.49 48-48V112c0-26.51-21.49-48-48-48zm0 48v40.805c-22.422 18.259-58.168 46.651-134.587 106.49-16.841 13.247-50.201 45.072-73.413 44.701-23.208.375-56.579-31.459-73.413-44.701C106.18 199.465 70.425 171.067 48 152.805V112h416zM48 400V214.398c22.914 18.251 55.409 43.862 104.938 82.646 21.857 17.205 60.134 55.186 103.062 54.955 42.717.231 80.509-37.199 103.053-54.947 49.528-38.783 82.032-64.401 104.947-82.653V400H48z\"><\/path><\/svg>\t\t\t\t<\/a>\n\t\t\t\t\t\t<\/div>\n\t\t\t\t<\/div>\n\t\t\t\t\t\t<\/div>\n\t\t\t\t<\/div>\n\t\t\t\t<\/div>\n\t\t\t\t\t<\/div>\n\t\t\t\t<\/div>\n\t\t<div class=\"elementor-element elementor-element-04f819f e-flex e-con-boxed e-con e-parent\" data-id=\"04f819f\" data-element_type=\"container\" data-e-type=\"container\">\n\t\t\t\t\t<div class=\"e-con-inner\">\n\t\t<div class=\"elementor-element elementor-element-8165e03 e-con-full e-flex e-con e-child\" data-id=\"8165e03\" data-element_type=\"container\" data-e-type=\"container\">\n\t\t\t\t<\/div>\n\t\t<div class=\"elementor-element elementor-element-5eaefbb e-con-full e-flex e-con e-child\" data-id=\"5eaefbb\" data-element_type=\"container\" data-e-type=\"container\">\n\t\t\t\t<div class=\"elementor-element elementor-element-aa9598e elementor-widget elementor-widget-bdt-member\" data-id=\"aa9598e\" data-element_type=\"widget\" data-e-type=\"widget\" data-widget_type=\"bdt-member.default\">\n\t\t\t\t<div class=\"elementor-widget-container\">\n\t\t\t\t\t\t\t<div class=\"bdt-member skin-default bdt-transition-toggle\">\n\t\t\t\n\t\t\t<div class=\"bdt-member-content\">\n\t\t\t\t\t\t\t\t\t<span class=\"bdt-member-name\">Mme Fusshoven Brigitte<\/span>\n\t\t\t\t\t\t\t\t\t\t\t\t\t<span class=\"bdt-member-role\">Assistante administrative<\/span>\n\t\t\t\t\t\t\t\t\t\t\t\t\t<div class=\"bdt-member-text bdt-content-wrap\">Travailler avec les membres sur les outils informatiques, <br>Mme Fusshoven est \u00e9galement secr\u00e9taire de l'association, assurant une communication claire et une organisation efficace pour tous les membres.<\/div>\n\t\t\t\t\t\t\t<\/div>\n\t\t\t\t\t<div class=\"bdt-member-icons\">\n\t\t\t\t\t\t\t<a class=\"bdt-member-icon elementor-repeater-item-08a748e\" href=\"https:\/\/aitc.fr\/fr\/contact\/\" target=\"_blank\" data-bdt-tooltip=\"title: Phone;\">\n\t\t\t\t\t<svg aria-hidden=\"true\" class=\"fa-fw e-font-icon-svg e-fas-phone-alt\" viewbox=\"0 0 512 512\" xmlns=\"http:\/\/www.w3.org\/2000\/svg\"><path d=\"M497.39 361.8l-112-48a24 24 0 0 0-28 6.9l-49.6 60.6A370.66 370.66 0 0 1 130.6 204.11l60.6-49.6a23.94 23.94 0 0 0 6.9-28l-48-112A24.16 24.16 0 0 0 122.6.61l-104 24A24 24 0 0 0 0 48c0 256.5 207.9 464 464 464a24 24 0 0 0 23.4-18.6l24-104a24.29 24.29 0 0 0-14.01-27.6z\"><\/path><\/svg>\t\t\t\t<\/a>\n\t\t\t\t\t\t\t\t<a class=\"bdt-member-icon elementor-repeater-item-db3da9f\" href=\"https:\/\/aitc.fr\/fr\/contact\/\" target=\"_blank\" data-bdt-tooltip=\"title: Twitter;\">\n\t\t\t\t\t<svg aria-hidden=\"true\" class=\"fa-fw e-font-icon-svg e-far-envelope\" viewbox=\"0 0 512 512\" xmlns=\"http:\/\/www.w3.org\/2000\/svg\"><path d=\"M464 64H48C21.49 64 0 85.49 0 112v288c0 26.51 21.49 48 48 48h416c26.51 0 48-21.49 48-48V112c0-26.51-21.49-48-48-48zm0 48v40.805c-22.422 18.259-58.168 46.651-134.587 106.49-16.841 13.247-50.201 45.072-73.413 44.701-23.208.375-56.579-31.459-73.413-44.701C106.18 199.465 70.425 171.067 48 152.805V112h416zM48 400V214.398c22.914 18.251 55.409 43.862 104.938 82.646 21.857 17.205 60.134 55.186 103.062 54.955 42.717.231 80.509-37.199 103.053-54.947 49.528-38.783 82.032-64.401 104.947-82.653V400H48z\"><\/path><\/svg>\t\t\t\t<\/a>\n\t\t\t\t\t\t\t\t<a class=\"bdt-member-icon elementor-repeater-item-aea9e4f\" href=\"https:\/\/aitc.fr\/fr\/contact\/\" target=\"_blank\" data-bdt-tooltip=\"title: Linkedin;\">\n\t\t\t\t\t<svg aria-hidden=\"true\" class=\"fa-fw e-font-icon-svg e-fas-location-arrow\" viewbox=\"0 0 512 512\" xmlns=\"http:\/\/www.w3.org\/2000\/svg\"><path d=\"M444.52 3.52L28.74 195.42c-47.97 22.39-31.98 92.75 19.19 92.75h175.91v175.91c0 51.17 70.36 67.17 92.75 19.19l191.9-415.78c15.99-38.39-25.59-79.97-63.97-63.97z\"><\/path><\/svg>\t\t\t\t<\/a>\n\t\t\t\t\t\t<\/div>\n\t\t\t\t<\/div>\n\t\t\t\t\t\t<\/div>\n\t\t\t\t<\/div>\n\t\t\t\t<\/div>\n\t\t<div class=\"elementor-element elementor-element-b1625c8 e-con-full e-flex e-con e-child\" data-id=\"b1625c8\" data-element_type=\"container\" data-e-type=\"container\">\n\t\t\t\t<\/div>\n\t\t<div class=\"elementor-element elementor-element-410946b e-con-full e-flex e-con e-child\" data-id=\"410946b\" data-element_type=\"container\" data-e-type=\"container\">\n\t\t\t\t<\/div>\n\t\t<div class=\"elementor-element elementor-element-fbe19a4 e-con-full e-flex e-con e-child\" data-id=\"fbe19a4\" data-element_type=\"container\" data-e-type=\"container\">\n\t\t\t\t<\/div>\n\t\t<div class=\"elementor-element elementor-element-74a40f7 e-con-full e-flex e-con e-child\" data-id=\"74a40f7\" data-element_type=\"container\" data-e-type=\"container\">\n\t\t\t\t<\/div>\n\t\t\t\t\t<\/div>\n\t\t\t\t<\/div>\n\t\t\t\t<\/div>","protected":false},"excerpt":{"rendered":"<p>About Us Membership of committees Working group on computer tools Created at the 38th Ordinary Session of the General Assembly and reporting to the Executive Committee, the Working Group on Computer Tools (INFORMAITC) is responsible for advising the Executive Committee on managing various computer tools available to the AITC Secretariat, Organs and members, and also [&hellip;]<\/p>","protected":false},"author":1,"featured_media":0,"parent":0,"menu_order":0,"comment_status":"closed","ping_status":"closed","template":"","meta":{"footnotes":""},"class_list":["post-2175","page","type-page","status-publish","hentry"],"acf":[],"_links":{"self":[{"href":"https:\/\/aitc.fr\/fr\/wp-json\/wp\/v2\/pages\/2175","targetHints":{"allow":["GET"]}}],"collection":[{"href":"https:\/\/aitc.fr\/fr\/wp-json\/wp\/v2\/pages"}],"about":[{"href":"https:\/\/aitc.fr\/fr\/wp-json\/wp\/v2\/types\/page"}],"author":[{"embeddable":true,"href":"https:\/\/aitc.fr\/fr\/wp-json\/wp\/v2\/users\/1"}],"replies":[{"embeddable":true,"href":"https:\/\/aitc.fr\/fr\/wp-json\/wp\/v2\/comments?post=2175"}],"version-history":[{"count":4,"href":"https:\/\/aitc.fr\/fr\/wp-json\/wp\/v2\/pages\/2175\/revisions"}],"predecessor-version":[{"id":2180,"href":"https:\/\/aitc.fr\/fr\/wp-json\/wp\/v2\/pages\/2175\/revisions\/2180"}],"wp:attachment":[{"href":"https:\/\/aitc.fr\/fr\/wp-json\/wp\/v2\/media?parent=2175"}],"curies":[{"name":"wp","href":"https:\/\/api.w.org\/{rel}","templated":true}]}}